{"id":61,"date":"2020-01-23T18:21:52","date_gmt":"2020-01-23T18:21:52","guid":{"rendered":"https:\/\/demosites.io\/web-agency-gb\/?page_id=61"},"modified":"2022-11-21T15:34:30","modified_gmt":"2022-11-21T15:34:30","slug":"15c42-web-agency-gb-about-us","status":"publish","type":"page","link":"http:\/\/brudek-infrarot.com\/fr\/15c42-web-agency-gb-about-us\/","title":{"rendered":"\u00dcber uns"},"content":{"rendered":"<div data-elementor-type=\"wp-page\" data-elementor-id=\"61\" class=\"elementor elementor-61\" data-elementor-settings=\"[]\">\n\t\t\t\t\t\t\t<div class=\"elementor-section-wrap\">\n\t\t\t\t\t\t\t<section class=\"elementor-section elementor-top-section elementor-element elementor-element-5a5884bf elementor-section-boxed elementor-section-height-default elementor-section-height-default\" data-id=\"5a5884bf\" data-element_type=\"section\">\n\t\t\t\t\t\t<div class=\"elementor-container elementor-column-gap-default\">\n\t\t\t\t\t<div class=\"elementor-column elementor-col-100 elementor-top-column elementor-element elementor-element-de756c0\" data-id=\"de756c0\" data-element_type=\"column\">\n\t\t\t<div class=\"elementor-widget-wrap elementor-element-populated\">\n\t\t\t\t\t\t\t\t<div class=\"elementor-element elementor-element-eb4d577 elementor-widget elementor-widget-html\" data-id=\"eb4d577\" data-element_type=\"widget\" data-widget_type=\"html.default\">\n\t\t\t\t<div class=\"elementor-widget-container\">\n\t\t\t<!--Start of Tawk.to Script-->\n<script type=\"text\/javascript\">\nvar Tawk_API=Tawk_API||{}, Tawk_LoadStart=new Date();\n(function(){\nvar s1=document.createElement(\"script\"),s0=document.getElementsByTagName(\"script\")[0];\ns1.async=true;\ns1.src='https:\/\/embed.tawk.to\/6131cfeed6e7610a49b36d30\/1fel98fb3';\ns1.charset='UTF-8';\ns1.setAttribute('crossorigin','*');\ns0.parentNode.insertBefore(s1,s0);\n})();\n<\/script>\n<!--End of Tawk.to Script-->\t\t<\/div>\n\t\t\t\t<\/div>\n\t\t\t\t<div class=\"elementor-element elementor-element-3d37dfaa elementor-widget elementor-widget-text-editor\" data-id=\"3d37dfaa\" data-element_type=\"widget\" data-widget_type=\"text-editor.default\">\n\t\t\t\t<div class=\"elementor-widget-container\">\n\t\t\t\t\t\t\t\t<!-- wp:cover {\"overlayColor\":\"nv-site-bg\",\"minHeight\":300,\"align\":\"full\"} -->\n<div class=\"wp-block-cover alignfull has-nv-site-bg-background-color has-background-dim\" style=\"min-height: 300px;\">\n<div class=\"wp-block-cover__inner-container\"><!-- wp:group -->\n<div class=\"wp-block-group\">\n<div class=\"wp-block-group__inner-container\"><!-- wp:heading {\"level\":1,\"textColor\":\"neve-text-color\",\"className\":\"has-text-align-left\"} -->\n<h1 class=\"has-text-align-left has-neve-text-color-color has-text-color\">\u00dcber uns<\/h1>\n<!-- \/wp:heading --><\/div>\n<\/div>\n<!-- \/wp:group --><\/div>\n<\/div>\n<!-- \/wp:cover --><!-- wp:cover {\"overlayColor\":\"nv-light-bg\",\"minHeight\":600,\"align\":\"full\"} -->\n<div class=\"wp-block-cover alignfull has-nv-light-bg-background-color has-background-dim\" style=\"min-height: 600px;\">\n<div class=\"wp-block-cover__inner-container\"><!-- wp:group -->\n<div class=\"wp-block-group\">\n<div class=\"wp-block-group__inner-container\"><!-- wp:spacer {\"height\":80} -->\n<div class=\"wp-block-spacer\" style=\"height: 80px;\" aria-hidden=\"true\">\u00a0<\/div>\n<!-- \/wp:spacer --><!-- wp:columns {\"verticalAlignment\":\"center\"} -->\n<div class=\"wp-block-columns are-vertically-aligned-center\"><!-- wp:column {\"verticalAlignment\":\"center\",\"width\":\"50%\"} -->\n<div class=\"wp-block-column is-vertically-aligned-center\" style=\"flex-basis: 50%;\"><!-- wp:image {\"id\":36,\"sizeSlug\":\"large\"} -->\n<figure class=\"wp-block-image size-large\"><img loading=\"lazy\" width=\"600\" height=\"600\" class=\"wp-image-36\" src=\"http:\/\/brudek-infrarot.com\/wp-content\/uploads\/2020\/01\/neve-web-design-bg-09.jpg\" alt=\"\" srcset=\"http:\/\/brudek-infrarot.com\/wp-content\/uploads\/2020\/01\/neve-web-design-bg-09.jpg 600w, http:\/\/brudek-infrarot.com\/wp-content\/uploads\/2020\/01\/neve-web-design-bg-09-300x300.jpg 300w, http:\/\/brudek-infrarot.com\/wp-content\/uploads\/2020\/01\/neve-web-design-bg-09-150x150.jpg 150w\" sizes=\"(max-width: 600px) 100vw, 600px\" \/><\/figure>\n<!-- \/wp:image --><\/div>\n<!-- \/wp:column --><!-- wp:column {\"verticalAlignment\":\"center\",\"width\":\"50%\"} -->\n<div class=\"wp-block-column is-vertically-aligned-center\" style=\"flex-basis: 50%;\"><!-- wp:heading {\"textColor\":\"neve-text-color\"} -->\n<h2 class=\"has-neve-text-color-color has-text-color\">Brudek Infrarot<\/h2>\n<!-- \/wp:heading --><!-- wp:paragraph {\"textColor\":\"neve-text-color\",\"fontSize\":\"medium\"} -->\n<p class=\"has-neve-text-color-color has-text-color has-medium-font-size\">Von Deutschland in die Welt.<br \/>Mit Brudek Infrarot beheizen wir Europa umweltbewusst.<\/p>\n<!-- \/wp:paragraph --><!-- wp:paragraph {\"textColor\":\"neve-text-color\"} -->\n<p class=\"has-neve-text-color-color has-text-color\">Effektiv und effizient w\u00e4chst Brudek Infrarot schon seit vielen Jahren mit dem Herzen im Standort Teningen im sch\u00f6nen Baden und beliefert h\u00f6chst zufriedene Kunden Weltweit. Unsere gepr\u00fcften Produkte entsprechen den g\u00fcltigen Normen und stehen f\u00fcr Qualit\u00e4t und Sicherheit sowie Umweltbewusstsein. Denn wir denken schon heute an die Welt von morgen. Wir gehen ressourcenschonend mit unserer Umwelt um und beliefern Sie stets zu Ihrer vollsten zufriedenheit.<\/p>\n<!-- \/wp:paragraph --><\/div>\n<!-- \/wp:column --><\/div>\n<!-- \/wp:columns --><!-- wp:spacer {\"height\":40} -->\n<div class=\"wp-block-spacer\" style=\"height: 40px;\" aria-hidden=\"true\">\u00a0<\/div>\n<!-- \/wp:spacer --><\/div>\n<\/div>\n<!-- \/wp:group --><\/div>\n<\/div>\n<!-- \/wp:cover --><!-- wp:cover {\"overlayColor\":\"nv-dark-bg\",\"minHeight\":600,\"align\":\"full\"} -->\n<div class=\"wp-block-cover alignfull has-nv-dark-bg-background-color has-background-dim\" style=\"min-height: 600px;\">\n<div class=\"wp-block-cover__inner-container\"><!-- wp:group -->\n<div class=\"wp-block-group\">\n<div class=\"wp-block-group__inner-container\"><!-- wp:spacer {\"height\":80} -->\n<div class=\"wp-block-spacer\" style=\"height: 80px;\" aria-hidden=\"true\">\u00a0<\/div>\n<!-- \/wp:spacer --><!-- wp:columns {\"verticalAlignment\":\"center\"} -->\n<div class=\"wp-block-columns are-vertically-aligned-center\"><!-- wp:column {\"verticalAlignment\":\"center\",\"width\":\"50%\"} -->\n<div class=\"wp-block-column is-vertically-aligned-center\" style=\"flex-basis: 50%;\"><!-- wp:heading {\"textColor\":\"nv-text-dark-bg\"} -->\n<h2 class=\"has-nv-text-dark-bg-color has-text-color\">Wir sch\u00fctzen die Umwelt mit Herz<\/h2>\n<!-- \/wp:heading --><!-- wp:paragraph {\"textColor\":\"nv-text-dark-bg\"} -->\n<p class=\"has-nv-text-dark-bg-color has-text-color\">Wenn man aufw\u00e4chst bekommt man gesagt, dass <br \/>unsere Umwelt so ist, wie sie ist. Das man sein Leben <br \/>so leben muss und versuchen soll, nicht so oft gegen <br \/>Mauern zu laufen.<br \/><br \/>Das ist ein sehr begrenztes Leben &#8211; Es kann so viel <br \/>einfacher sein, wenn man eine simple Tatsache entdeckt hat: <br \/>Alles was einen umgibt, was man Leben nennt, von <br \/>Menschen erfunden wurde, von Lebewesen die nicht <br \/>Kl\u00fcger sind, als man selbst ist.<\/p>\n<!-- \/wp:paragraph --><!-- wp:spacer {\"height\":20} -->\n<div class=\"wp-block-spacer\" style=\"height: 20px;\" aria-hidden=\"true\">\u00a0<\/div>\n<!-- \/wp:spacer --><!-- wp:buttons -->\n<div class=\"wp-block-buttons\"><!-- wp:button {\"className\":\"is-style-primary\"} -->\n<div class=\"wp-block-button is-style-primary\"><a class=\"wp-block-button__link\" href=\"http:\/\/brudek-infrarot.com\/fr\/jetzt-anfragen\/\">Jetzt Infrarotheizung anfragen<\/a><\/div>\n<!-- \/wp:button --><\/div>\n<!-- \/wp:buttons --><!-- wp:spacer {\"height\":20} -->\n<div class=\"wp-block-spacer\" style=\"height: 20px;\" aria-hidden=\"true\">\u00a0<\/div>\n<!-- \/wp:spacer --><\/div>\n<!-- \/wp:column --><!-- wp:column {\"verticalAlignment\":\"center\",\"width\":\"50%\"} -->\n<div class=\"wp-block-column is-vertically-aligned-center\" style=\"flex-basis: 50%;\"><!-- wp:image {\"id\":39,\"sizeSlug\":\"large\"} -->\n<figure class=\"wp-block-image size-large\"><img loading=\"lazy\" width=\"600\" height=\"600\" class=\"wp-image-39\" src=\"http:\/\/brudek-infrarot.com\/wp-content\/uploads\/2020\/01\/neve-web-design-bg-12.jpg\" alt=\"\" srcset=\"http:\/\/brudek-infrarot.com\/wp-content\/uploads\/2020\/01\/neve-web-design-bg-12.jpg 600w, http:\/\/brudek-infrarot.com\/wp-content\/uploads\/2020\/01\/neve-web-design-bg-12-300x300.jpg 300w, http:\/\/brudek-infrarot.com\/wp-content\/uploads\/2020\/01\/neve-web-design-bg-12-150x150.jpg 150w\" sizes=\"(max-width: 600px) 100vw, 600px\" \/><\/figure>\n<\/div>\n<\/div>\n<\/div>\n<\/div>\n<\/div>\n<\/div>\n<div class=\"wp-block-cover alignfull has-nv-light-bg-background-color has-background-dim\" style=\"min-height: 600px;\">\n<div class=\"wp-block-cover__inner-container\">\n<div class=\"wp-block-group\">\n<div class=\"wp-block-group__inner-container\"><!-- \/wp:spacer --><!-- wp:columns -->\n<div class=\"wp-block-columns\"><!-- wp:column -->\n<div class=\"wp-block-column\"><!-- wp:image {\"align\":\"center\",\"id\":214,\"sizeSlug\":\"large\",\"className\":\"is-style-default\"} -->\n<div class=\"wp-block-image is-style-default\">\n<figure class=\"aligncenter size-large\"><img loading=\"lazy\" class=\"alignnone wp-image-431 size-medium\" src=\"http:\/\/brudek-infrarot.com\/wp-content\/uploads\/2021\/06\/Pbrudek1-300x300.jpg\" alt=\"\" width=\"300\" height=\"300\" srcset=\"http:\/\/brudek-infrarot.com\/wp-content\/uploads\/2021\/06\/Pbrudek1-300x300.jpg 300w, http:\/\/brudek-infrarot.com\/wp-content\/uploads\/2021\/06\/Pbrudek1-150x150.jpg 150w, http:\/\/brudek-infrarot.com\/wp-content\/uploads\/2021\/06\/Pbrudek1.jpg 400w\" sizes=\"(max-width: 300px) 100vw, 300px\" \/><\/figure>\n<\/div>\n<!-- \/wp:image --><!-- wp:heading {\"textAlign\":\"center\",\"level\":3,\"textColor\":\"neve-text-color\"} -->\n<h3 class=\"has-text-align-center has-neve-text-color-color has-text-color\">PATRICK BRUDEK<\/h3>\n<!-- \/wp:heading --><!-- wp:paragraph {\"align\":\"center\",\"textColor\":\"neve-text-color\"} -->\n<p class=\"has-text-align-center has-neve-text-color-color has-text-color\">CEO<\/p>\n<!-- \/wp:paragraph --><!-- wp:social-links {\"align\":\"center\"} -->\n<ul class=\"wp-block-social-links aligncenter\"><!-- wp:social-link {\"url\":\"#\",\"service\":\"facebook\"} \/--><!-- wp:social-link {\"url\":\"#\",\"service\":\"twitter\"} \/--><!-- wp:social-link {\"url\":\"#\",\"service\":\"linkedin\"} \/--><\/ul>\n<!-- \/wp:social-links --><!-- wp:spacer {\"height\":40} -->\n<div class=\"wp-block-spacer\" style=\"height: 40px;\" aria-hidden=\"true\">\u00a0<\/div>\n<!-- \/wp:spacer --><\/div>\n<!-- \/wp:column --><!-- wp:column -->\n<div class=\"wp-block-column\"><!-- wp:image {\"align\":\"center\",\"id\":216,\"sizeSlug\":\"large\",\"className\":\"is-style-default\"} -->\n<div class=\"wp-block-image is-style-default\">\n<figure class=\"aligncenter size-large\"><img loading=\"lazy\" class=\"alignnone wp-image-776 size-medium\" src=\"http:\/\/brudek-infrarot.com\/wp-content\/uploads\/2022\/11\/Bildschirmfoto-2022-11-21-um-16.33.50-252x300.png\" alt=\"\" width=\"252\" height=\"300\" srcset=\"http:\/\/brudek-infrarot.com\/wp-content\/uploads\/2022\/11\/Bildschirmfoto-2022-11-21-um-16.33.50-252x300.png 252w, http:\/\/brudek-infrarot.com\/wp-content\/uploads\/2022\/11\/Bildschirmfoto-2022-11-21-um-16.33.50-10x12.png 10w, http:\/\/brudek-infrarot.com\/wp-content\/uploads\/2022\/11\/Bildschirmfoto-2022-11-21-um-16.33.50.png 630w\" sizes=\"(max-width: 252px) 100vw, 252px\" \/><\/figure>\n<\/div>\n<!-- \/wp:image --><!-- wp:heading {\"textAlign\":\"center\",\"level\":3,\"textColor\":\"neve-text-color\"} -->\n<h3 class=\"has-text-align-center has-neve-text-color-color has-text-color\">WALTER WIRTZ<\/h3>\n<!-- \/wp:heading --><!-- wp:paragraph {\"align\":\"center\",\"textColor\":\"neve-text-color\"} -->\n<p class=\"has-text-align-center has-neve-text-color-color has-text-color\">VERTRIEB<\/p>\n<!-- \/wp:paragraph --><!-- wp:social-links {\"align\":\"center\"} -->\n<ul class=\"wp-block-social-links aligncenter\"><!-- wp:social-link {\"url\":\"#\",\"service\":\"facebook\"} \/--><!-- wp:social-link {\"url\":\"#\",\"service\":\"twitter\"} \/--><!-- wp:social-link {\"url\":\"#\",\"service\":\"linkedin\"} \/--><\/ul>\n<!-- \/wp:social-links --><!-- wp:spacer {\"height\":40} -->\n<div class=\"wp-block-spacer\" style=\"height: 40px;\" aria-hidden=\"true\">\u00a0<\/div>\n<!-- \/wp:spacer --><\/div>\n<!-- \/wp:column --><!-- wp:column -->\n<div class=\"wp-block-column\"><!-- wp:image {\"align\":\"center\",\"id\":215,\"sizeSlug\":\"large\",\"className\":\"is-style-default\"} -->\n<div class=\"wp-block-image is-style-default\">\n<figure class=\"aligncenter size-large\"><img loading=\"lazy\" class=\"alignnone wp-image-433 size-medium\" src=\"http:\/\/brudek-infrarot.com\/wp-content\/uploads\/2021\/06\/LeonBeck-300x300.jpg\" alt=\"\" width=\"300\" height=\"300\" srcset=\"http:\/\/brudek-infrarot.com\/wp-content\/uploads\/2021\/06\/LeonBeck-300x300.jpg 300w, http:\/\/brudek-infrarot.com\/wp-content\/uploads\/2021\/06\/LeonBeck-150x150.jpg 150w, http:\/\/brudek-infrarot.com\/wp-content\/uploads\/2021\/06\/LeonBeck.jpg 400w\" sizes=\"(max-width: 300px) 100vw, 300px\" \/><\/figure>\n<\/div>\n<!-- \/wp:image --><!-- wp:heading {\"textAlign\":\"center\",\"level\":3,\"textColor\":\"neve-text-color\"} -->\n<h3 class=\"has-text-align-center has-neve-text-color-color has-text-color\">LEON BECK<\/h3>\n<!-- \/wp:heading --><!-- wp:paragraph {\"align\":\"center\",\"textColor\":\"neve-text-color\"} -->\n<p class=\"has-text-align-center has-neve-text-color-color has-text-color\">unabh\u00e4ngiger Energieberater<\/p>\n<!-- \/wp:paragraph --><!-- wp:social-links {\"align\":\"center\"} -->\n<ul class=\"wp-block-social-links aligncenter\"><!-- wp:social-link {\"url\":\"#\",\"service\":\"facebook\"} \/--><!-- wp:social-link {\"url\":\"#\",\"service\":\"twitter\"} \/--><!-- wp:social-link {\"url\":\"#\",\"service\":\"linkedin\"} \/--><\/ul>\n<!-- \/wp:social-links --><!-- wp:spacer {\"height\":40} -->\n<div class=\"wp-block-spacer\" style=\"height: 40px;\" aria-hidden=\"true\">\u00a0<\/div>\n<!-- \/wp:spacer --><\/div>\n<!-- \/wp:column --><\/div>\n<!-- \/wp:columns --><!-- wp:spacer {\"height\":40} -->\n<div class=\"wp-block-spacer\" style=\"height: 40px;\" aria-hidden=\"true\">\u00a0<\/div>\n<!-- \/wp:spacer --><\/div>\n<\/div>\n<!-- \/wp:group --><\/div>\n<\/div>\n<!-- \/wp:cover -->\t\t\t\t\t\t<\/div>\n\t\t\t\t<\/div>\n\t\t\t\t\t<\/div>\n\t\t<\/div>\n\t\t\t\t\t\t\t<\/div>\n\t\t<\/section>\n\t\t\t\t<section class=\"elementor-section elementor-top-section elementor-element elementor-element-06c1385 elementor-section-boxed elementor-section-height-default elementor-section-height-default\" data-id=\"06c1385\" data-element_type=\"section\">\n\t\t\t\t\t\t<div class=\"elementor-container elementor-column-gap-default\">\n\t\t\t\t\t<div class=\"elementor-column elementor-col-100 elementor-top-column elementor-element elementor-element-4ec82a8\" data-id=\"4ec82a8\" data-element_type=\"column\">\n\t\t\t<div class=\"elementor-widget-wrap elementor-element-populated\">\n\t\t\t\t\t\t\t\t<div class=\"elementor-element elementor-element-b7ee734 elementor-widget elementor-widget-html\" data-id=\"b7ee734\" data-element_type=\"widget\" data-widget_type=\"html.default\">\n\t\t\t\t<div class=\"elementor-widget-container\">\n\t\t\t<!-- ProvenExpert Bewertungssiegel -->\n<div id=\"pewl\"><\/div>\n<script type=\"text\/javascript\" src=\"https:\/\/www.provenexpert.com\/widget\/landing_brudek-infrarot.js?feedback=1&avatar=1&competence=1&style=black\" async><\/script>\n<link rel=\"stylesheet\" type=\"text\/css\" href=\"https:\/\/www.provenexpert.com\/css\/widget_landing.css\" media=\"screen,print\">\n<!-- ProvenExpert Bewertungssiegel Ende -->\n\t\t<\/div>\n\t\t\t\t<\/div>\n\t\t\t\t\t<\/div>\n\t\t<\/div>\n\t\t\t\t\t\t\t<\/div>\n\t\t<\/section>\n\t\t\t\t\t\t<\/div>\n\t\t\t\t\t<\/div>","protected":false},"excerpt":{"rendered":"","protected":false},"author":2,"featured_media":0,"parent":0,"menu_order":0,"comment_status":"closed","ping_status":"closed","template":"","meta":{"neve_meta_sidebar":"default","neve_meta_container":"default","neve_meta_enable_content_width":"on","neve_meta_content_width":100,"neve_meta_title_alignment":"","neve_meta_author_avatar":"","neve_post_elements_order":"","neve_meta_disable_header":"","neve_meta_disable_footer":"","neve_meta_disable_title":"on","_ti_tpc_template_sync":false,"_ti_tpc_template_id":"0qhau2t6eoekosrgo1a2"},"_links":{"self":[{"href":"http:\/\/brudek-infrarot.com\/fr\/wp-json\/wp\/v2\/pages\/61"}],"collection":[{"href":"http:\/\/brudek-infrarot.com\/fr\/wp-json\/wp\/v2\/pages"}],"about":[{"href":"http:\/\/brudek-infrarot.com\/fr\/wp-json\/wp\/v2\/types\/page"}],"author":[{"embeddable":true,"href":"http:\/\/brudek-infrarot.com\/fr\/wp-json\/wp\/v2\/users\/2"}],"replies":[{"embeddable":true,"href":"http:\/\/brudek-infrarot.com\/fr\/wp-json\/wp\/v2\/comments?post=61"}],"version-history":[{"count":32,"href":"http:\/\/brudek-infrarot.com\/fr\/wp-json\/wp\/v2\/pages\/61\/revisions"}],"predecessor-version":[{"id":779,"href":"http:\/\/brudek-infrarot.com\/fr\/wp-json\/wp\/v2\/pages\/61\/revisions\/779"}],"wp:attachment":[{"href":"http:\/\/brudek-infrarot.com\/fr\/wp-json\/wp\/v2\/media?parent=61"}],"curies":[{"name":"wp","href":"https:\/\/api.w.org\/{rel}","templated":true}]}}