{"id":69,"date":"2020-01-27T08:05:29","date_gmt":"2020-01-27T08:05:29","guid":{"rendered":"https:\/\/demosites.io\/web-agency-gb\/?page_id=69"},"modified":"2021-09-03T08:49:54","modified_gmt":"2021-09-03T08:49:54","slug":"15c42-web-agency-gb-portfolio","status":"publish","type":"page","link":"http:\/\/brudek-infrarot.com\/fr\/15c42-web-agency-gb-portfolio\/","title":{"rendered":"Portfolio"},"content":{"rendered":"<div data-elementor-type=\"wp-page\" data-elementor-id=\"69\" class=\"elementor elementor-69\" data-elementor-settings=\"[]\">\n\t\t\t\t\t\t\t<div class=\"elementor-section-wrap\">\n\t\t\t\t\t\t\t<section class=\"elementor-section elementor-top-section elementor-element elementor-element-466d6a85 elementor-section-boxed elementor-section-height-default elementor-section-height-default\" data-id=\"466d6a85\" data-element_type=\"section\">\n\t\t\t\t\t\t<div class=\"elementor-container elementor-column-gap-default\">\n\t\t\t\t\t<div class=\"elementor-column elementor-col-100 elementor-top-column elementor-element elementor-element-29b22f5b\" data-id=\"29b22f5b\" data-element_type=\"column\">\n\t\t\t<div class=\"elementor-widget-wrap elementor-element-populated\">\n\t\t\t\t\t\t\t\t<div class=\"elementor-element elementor-element-ce7415d elementor-widget elementor-widget-html\" data-id=\"ce7415d\" data-element_type=\"widget\" data-widget_type=\"html.default\">\n\t\t\t\t<div class=\"elementor-widget-container\">\n\t\t\t<!--Start of Tawk.to Script-->\n<script type=\"text\/javascript\">\nvar Tawk_API=Tawk_API||{}, Tawk_LoadStart=new Date();\n(function(){\nvar s1=document.createElement(\"script\"),s0=document.getElementsByTagName(\"script\")[0];\ns1.async=true;\ns1.src='https:\/\/embed.tawk.to\/6131cfeed6e7610a49b36d30\/1fel98fb3';\ns1.charset='UTF-8';\ns1.setAttribute('crossorigin','*');\ns0.parentNode.insertBefore(s1,s0);\n})();\n<\/script>\n<!--End of Tawk.to Script-->\t\t<\/div>\n\t\t\t\t<\/div>\n\t\t\t\t<div class=\"elementor-element elementor-element-107704cc elementor-widget elementor-widget-text-editor\" data-id=\"107704cc\" data-element_type=\"widget\" data-widget_type=\"text-editor.default\">\n\t\t\t\t<div class=\"elementor-widget-container\">\n\t\t\t\t\t\t\t\t<!-- wp:cover {\"overlayColor\":\"nv-site-bg\",\"minHeight\":300,\"align\":\"full\"} -->\n<div class=\"wp-block-cover alignfull has-nv-site-bg-background-color has-background-dim\" style=\"min-height: 300px;\">\n<div class=\"wp-block-cover__inner-container\"><!-- wp:group -->\n<div class=\"wp-block-group\">\n<div class=\"wp-block-group__inner-container\"><!-- wp:heading {\"level\":1,\"className\":\"has-text-align-left\",\"textColor\":\"neve-text-color\"} -->\n<h1 class=\"has-text-align-left has-neve-text-color-color has-text-color\">Unsere Kollektion<\/h1>\n<\/div>\n<\/div>\n<\/div>\n<\/div>\n<div class=\"wp-block-cover alignfull has-nv-light-bg-background-color has-background-dim\" style=\"min-height: 600px;\">\n<div class=\"wp-block-cover__inner-container\">\n<div class=\"wp-block-group\">\n<div class=\"wp-block-group__inner-container\"><!-- \/wp:spacer --><!-- wp:columns {\"verticalAlignment\":\"center\"} -->\n<div class=\"wp-block-columns are-vertically-aligned-center\"><!-- wp:column {\"verticalAlignment\":\"center\",\"width\":50} -->\n<div class=\"wp-block-column is-vertically-aligned-center\" style=\"flex-basis: 50%;\">\n<figure class=\"wp-block-image size-large\"><img loading=\"lazy\" class=\"alignnone wp-image-450 size-full\" src=\"http:\/\/brudek-infrarot.com\/wp-content\/uploads\/2021\/06\/1-Infrarotheizung.jpg\" alt=\"\" width=\"600\" height=\"600\" srcset=\"http:\/\/brudek-infrarot.com\/wp-content\/uploads\/2021\/06\/1-Infrarotheizung.jpg 600w, http:\/\/brudek-infrarot.com\/wp-content\/uploads\/2021\/06\/1-Infrarotheizung-300x300.jpg 300w, http:\/\/brudek-infrarot.com\/wp-content\/uploads\/2021\/06\/1-Infrarotheizung-150x150.jpg 150w\" sizes=\"(max-width: 600px) 100vw, 600px\" \/><\/figure>\n<h3 class=\"has-text-align-center has-neve-text-color-color has-text-color\">Infrarot Heizungen<\/h3>\n<p class=\"has-text-align-center has-neve-text-color-color has-text-color\">Infrarotheizungen von Brudek sind zuverl\u00e4ssig, langlebig und haltbar. F\u00fcr jede Raumgr\u00f6\u00dfe erstellen wir Ihnen ein individuelles Konzept und Angebot, sodass die optimale Heizleistung bei minimalem Verbrauch erzielt werden kann.<\/p>\n<div class=\"wp-block-buttons aligncenter\">\n<div class=\"wp-block-button is-style-secondary\"><a class=\"wp-block-button__link\" href=\"http:\/\/brudek-infrarot.com\/fr\/jetzt-anfragen\/\">JETZT INFRAROTHEIZUNG ANFRAGEN<\/a><\/div>\n<\/div>\n<\/div>\n<!-- \/wp:column --><!-- wp:column {\"verticalAlignment\":\"center\",\"width\":50} -->\n<div class=\"wp-block-column is-vertically-aligned-center\" style=\"flex-basis: 50%;\"><!-- wp:image {\"id\":40,\"sizeSlug\":\"large\"} --><br \/>\n<figure class=\"wp-block-image size-large\"><img loading=\"lazy\" class=\"alignnone wp-image-451 size-full\" src=\"http:\/\/brudek-infrarot.com\/wp-content\/uploads\/2021\/06\/2-Bildheizung.jpg\" alt=\"\" width=\"600\" height=\"600\" srcset=\"http:\/\/brudek-infrarot.com\/wp-content\/uploads\/2021\/06\/2-Bildheizung.jpg 600w, http:\/\/brudek-infrarot.com\/wp-content\/uploads\/2021\/06\/2-Bildheizung-300x300.jpg 300w, http:\/\/brudek-infrarot.com\/wp-content\/uploads\/2021\/06\/2-Bildheizung-150x150.jpg 150w\" sizes=\"(max-width: 600px) 100vw, 600px\" \/><\/figure>\n<!-- \/wp:image --><!-- wp:heading {\"align\":\"center\",\"level\":3,\"textColor\":\"neve-text-color\"} -->\n<h3 class=\"has-text-align-center has-neve-text-color-color has-text-color\">Bildheizungen<\/h3>\n<!-- \/wp:heading --><!-- wp:paragraph {\"align\":\"center\",\"textColor\":\"neve-text-color\"} -->\n<p class=\"has-text-align-center has-neve-text-color-color has-text-color\">Die Brudek Infrarot Bildheizung kann jeden Raum aufwerten. Gerade im Wohnzimmer oder Schlafzimmer hat sich das Bild als k\u00fcnstlerische Aufwertung des Raumes etabliert. So wird der Traum von sch\u00f6ner wohnen wahr.<\/p>\n<!-- \/wp:paragraph --><!-- wp:buttons {\"align\":\"center\"} -->\n<div class=\"wp-block-buttons aligncenter\"><!-- wp:button {\"className\":\"is-style-secondary\"} -->\n<div class=\"wp-block-button is-style-secondary\"><a class=\"wp-block-button__link\" href=\"http:\/\/brudek-infrarot.com\/fr\/jetzt-anfragen\/\">JETZT BILDHEIZUNG ANFRAGEN<\/a><\/div>\n<!-- \/wp:button --><\/div>\n<!-- \/wp:buttons --><!-- wp:spacer {\"height\":40} -->\n<div class=\"wp-block-spacer\" style=\"height: 40px;\" aria-hidden=\"true\">\u00a0<\/div>\n<!-- \/wp:spacer --><\/div>\n<!-- \/wp:column --><\/div>\n<!-- \/wp:columns --><!-- wp:spacer {\"height\":40} -->\n<div class=\"wp-block-spacer\" style=\"height: 40px;\" aria-hidden=\"true\">\u00a0<\/div>\n<!-- \/wp:spacer --><\/div>\n<\/div>\n<!-- \/wp:group --><\/div>\n<\/div>\n<!-- \/wp:cover --><!-- wp:cover {\"overlayColor\":\"nv-site-bg\",\"minHeight\":600,\"align\":\"full\"} -->\n<div class=\"wp-block-cover alignfull has-nv-site-bg-background-color has-background-dim\" style=\"min-height: 600px;\">\n<div class=\"wp-block-cover__inner-container\"><!-- wp:group -->\n<div class=\"wp-block-group\">\n<div class=\"wp-block-group__inner-container\"><!-- wp:spacer {\"height\":80} -->\n<div class=\"wp-block-spacer\" style=\"height: 80px;\" aria-hidden=\"true\">\u00a0<\/div>\n<!-- \/wp:spacer --><!-- wp:columns {\"verticalAlignment\":\"center\"} -->\n<div class=\"wp-block-columns are-vertically-aligned-center\"><!-- wp:column {\"verticalAlignment\":\"center\",\"width\":50} -->\n<div class=\"wp-block-column is-vertically-aligned-center\" style=\"flex-basis: 50%;\"><!-- wp:image {\"id\":36,\"sizeSlug\":\"large\"} -->\n<figure class=\"wp-block-image size-large\"><img loading=\"lazy\" class=\"alignnone wp-image-452 size-full\" src=\"http:\/\/brudek-infrarot.com\/wp-content\/uploads\/2021\/06\/3-Spiegelheizungen.jpg\" alt=\"\" width=\"600\" height=\"600\" srcset=\"http:\/\/brudek-infrarot.com\/wp-content\/uploads\/2021\/06\/3-Spiegelheizungen.jpg 600w, http:\/\/brudek-infrarot.com\/wp-content\/uploads\/2021\/06\/3-Spiegelheizungen-300x300.jpg 300w, http:\/\/brudek-infrarot.com\/wp-content\/uploads\/2021\/06\/3-Spiegelheizungen-150x150.jpg 150w\" sizes=\"(max-width: 600px) 100vw, 600px\" \/><\/figure>\n<!-- \/wp:image --><!-- wp:heading {\"align\":\"center\",\"level\":3,\"textColor\":\"neve-text-color\"} -->\n<h3 class=\"has-text-align-center has-neve-text-color-color has-text-color\">Spiegelheizungen<\/h3>\n<!-- \/wp:heading --><!-- wp:paragraph {\"align\":\"center\",\"textColor\":\"neve-text-color\"} -->\n<p class=\"has-text-align-center has-neve-text-color-color has-text-color\">SPIEGLEIN AN DER WAND&#8230; &#8230;welche ist die Beste Infrarot Heizung im ganzen Land? In den Wattst\u00e4rken 350W, 450W, 600W, 720W, 960W und 1200W k\u00f6nnen Sie sich von der Sch\u00f6nheit unserer Infrarot Spiegelheizungen \u00fcberzeugen. Unsere Spiegelheizungen empfehlen wir ab der PRO-SERIE, da diese besodners gut f\u00fcr Nassr\u00e4ume durch die Schutzklase IP64 gesch\u00fctzt sind, damit Sie in Ihrem Bad entspannen k\u00f6nnen. Die maximale Sicherheit kommt dabei von Brudek Infrarot\u00ae getestet durch den T\u00dcV S\u00fcd, GS und VDE.<\/p>\n<!-- \/wp:paragraph --><!-- wp:buttons {\"align\":\"center\"} -->\n<div class=\"wp-block-buttons aligncenter\"><!-- wp:button {\"className\":\"is-style-primary\"} -->\n<div class=\"wp-block-button is-style-secondary\"><a class=\"wp-block-button__link\" href=\"http:\/\/brudek-infrarot.com\/fr\/jetzt-anfragen\/\">JETZT SPIEGELHEIZUNG ANFRAGEN<\/a><\/div>\n<!-- \/wp:button --><\/div>\n<!-- \/wp:buttons --><!-- wp:spacer {\"height\":40} -->\n<div class=\"wp-block-spacer\" style=\"height: 40px;\" aria-hidden=\"true\">\u00a0<\/div>\n<!-- \/wp:spacer --><\/div>\n<!-- \/wp:column --><!-- wp:column {\"verticalAlignment\":\"center\",\"width\":50} -->\n<div class=\"wp-block-column is-vertically-aligned-center\" style=\"flex-basis: 50%;\"><!-- wp:image {\"id\":42,\"sizeSlug\":\"large\"} -->\n<figure class=\"wp-block-image size-large\"><img loading=\"lazy\" class=\"alignnone wp-image-453 size-full\" src=\"http:\/\/brudek-infrarot.com\/wp-content\/uploads\/2021\/06\/4-Glasheizung.jpg\" alt=\"\" width=\"600\" height=\"600\" srcset=\"http:\/\/brudek-infrarot.com\/wp-content\/uploads\/2021\/06\/4-Glasheizung.jpg 600w, http:\/\/brudek-infrarot.com\/wp-content\/uploads\/2021\/06\/4-Glasheizung-300x300.jpg 300w, http:\/\/brudek-infrarot.com\/wp-content\/uploads\/2021\/06\/4-Glasheizung-150x150.jpg 150w\" sizes=\"(max-width: 600px) 100vw, 600px\" \/><\/figure>\n<!-- \/wp:image --><!-- wp:heading {\"align\":\"center\",\"level\":3,\"textColor\":\"neve-text-color\"} -->\n<h3 class=\"has-text-align-center has-neve-text-color-color has-text-color\">Glasheizungen<\/h3>\n<!-- \/wp:heading --><!-- wp:paragraph {\"align\":\"center\",\"textColor\":\"neve-text-color\"} -->\n<p class=\"has-text-align-center has-neve-text-color-color has-text-color\">Brudek Infrarot\u00ae Glasheizungen verbinden modernes Design mit einzigartigen Effizienzwerten. Sparsam und chique! Heizen auch Sie mit der modernsten Methode. Die modernen Infrarot Glasheizungen sind nicht nur ausgezeichnete W\u00e4rmequellen, sondern ebenso ein Blickfang, der nicht nur Sie, sondern auch Ihre G\u00e4ste staunen lassen wird. In den Varianten schwarz, wei\u00df, rot, gr\u00fcn oder einem Motiv ist die Heizung erh\u00e4tlic<\/p>\n<!-- \/wp:paragraph --><!-- wp:buttons {\"align\":\"center\"} -->\n<div class=\"wp-block-buttons aligncenter\"><!-- wp:button {\"className\":\"is-style-primary\"} -->\n<div class=\"wp-block-button is-style-secondary\"><a class=\"wp-block-button__link\" href=\"http:\/\/brudek-infrarot.com\/fr\/jetzt-anfragen\/\">JETZT GLASHEIZUNG ANFRAGEN<\/a><\/div>\n<!-- \/wp:button --><\/div>\n<!-- \/wp:buttons --><!-- wp:spacer {\"height\":40} -->\n<div class=\"wp-block-spacer\" style=\"height: 40px;\" aria-hidden=\"true\">\u00a0<\/div>\n<!-- \/wp:spacer --><\/div>\n<!-- \/wp:column --><\/div>\n<!-- \/wp:columns --><!-- wp:spacer {\"height\":40} -->\n<div class=\"wp-block-spacer\" style=\"height: 40px;\" aria-hidden=\"true\">\u00a0<\/div>\n<!-- \/wp:spacer --><\/div>\n<\/div>\n<!-- \/wp:group --><\/div>\n<\/div>\n<!-- \/wp:cover --><!-- wp:cover {\"overlayColor\":\"nv-dark-bg\",\"minHeight\":300,\"align\":\"full\"} -->\n<div class=\"wp-block-cover alignfull has-nv-dark-bg-background-color has-background-dim\" style=\"min-height: 300px;\">\n<div class=\"wp-block-cover__inner-container\"><!-- wp:spacer {\"height\":80} -->\n<div class=\"wp-block-spacer\" style=\"height: 80px;\" aria-hidden=\"true\">\u00a0<\/div>\n<!-- \/wp:spacer --><!-- wp:image {\"align\":\"center\",\"id\":215,\"width\":80,\"height\":80,\"sizeSlug\":\"large\",\"className\":\"is-style-rounded\"} -->\n<div class=\"wp-block-image is-style-rounded\">\n<figure class=\"aligncenter size-large is-resized\"><img loading=\"lazy\" class=\"wp-image-215\" src=\"http:\/\/brudek-infrarot.com\/wp-content\/uploads\/2020\/12\/neve-web-design-studio-03.1.jpg\" alt=\"\" width=\"80\" height=\"80\" srcset=\"http:\/\/brudek-infrarot.com\/wp-content\/uploads\/2020\/12\/neve-web-design-studio-03.1.jpg 400w, http:\/\/brudek-infrarot.com\/wp-content\/uploads\/2020\/12\/neve-web-design-studio-03.1-300x300.jpg 300w, http:\/\/brudek-infrarot.com\/wp-content\/uploads\/2020\/12\/neve-web-design-studio-03.1-150x150.jpg 150w\" sizes=\"(max-width: 80px) 100vw, 80px\" \/><\/figure>\n<\/div>\n<!-- \/wp:image --><!-- wp:paragraph {\"align\":\"center\",\"textColor\":\"nv-text-dark-bg\"} -->\n<p class=\"has-text-align-center has-nv-text-dark-bg-color has-text-color\">\u201cIch habe meinen Wintergarten mit Brudek Infrarot Heizungen ausgestattet damit im Winter meine Bananenb\u00e4ume nicht kaputt gehen. <br \/>Von 9\u00b0C auf 20\u00b0C innerhalb einer halben Stunde. Ich bin sehr zufrieden\u201d<\/p>\n<!-- \/wp:paragraph --><!-- wp:paragraph {\"align\":\"center\",\"textColor\":\"nv-text-dark-bg\",\"style\":{\"typography\":{\"fontSize\":14}}} -->\n<p class=\"has-text-align-center has-nv-text-dark-bg-color has-text-color\" style=\"font-size: 14px;\">PETRA ULFINGER<\/p>\n<!-- \/wp:paragraph --><!-- wp:spacer {\"height\":80} -->\n<div class=\"wp-block-spacer\" style=\"height: 80px;\" aria-hidden=\"true\">\u00a0<\/div>\n<!-- \/wp:spacer --><\/div>\n<\/div>\n<!-- \/wp:cover -->\t\t\t\t\t\t<\/div>\n\t\t\t\t<\/div>\n\t\t\t\t\t<\/div>\n\t\t<\/div>\n\t\t\t\t\t\t\t<\/div>\n\t\t<\/section>\n\t\t\t\t\t\t<\/div>\n\t\t\t\t\t<\/div>","protected":false},"excerpt":{"rendered":"","protected":false},"author":2,"featured_media":0,"parent":0,"menu_order":0,"comment_status":"closed","ping_status":"closed","template":"","meta":{"neve_meta_sidebar":"full-width","neve_meta_container":"","neve_meta_enable_content_width":"on","neve_meta_content_width":100,"neve_meta_title_alignment":"","neve_meta_author_avatar":"","neve_post_elements_order":"","neve_meta_disable_header":"","neve_meta_disable_footer":"","neve_meta_disable_title":"on","_ti_tpc_template_sync":false,"_ti_tpc_template_id":"t3x60x1arljpehhy6mr6"},"_links":{"self":[{"href":"http:\/\/brudek-infrarot.com\/fr\/wp-json\/wp\/v2\/pages\/69"}],"collection":[{"href":"http:\/\/brudek-infrarot.com\/fr\/wp-json\/wp\/v2\/pages"}],"about":[{"href":"http:\/\/brudek-infrarot.com\/fr\/wp-json\/wp\/v2\/types\/page"}],"author":[{"embeddable":true,"href":"http:\/\/brudek-infrarot.com\/fr\/wp-json\/wp\/v2\/users\/2"}],"replies":[{"embeddable":true,"href":"http:\/\/brudek-infrarot.com\/fr\/wp-json\/wp\/v2\/comments?post=69"}],"version-history":[{"count":34,"href":"http:\/\/brudek-infrarot.com\/fr\/wp-json\/wp\/v2\/pages\/69\/revisions"}],"predecessor-version":[{"id":615,"href":"http:\/\/brudek-infrarot.com\/fr\/wp-json\/wp\/v2\/pages\/69\/revisions\/615"}],"wp:attachment":[{"href":"http:\/\/brudek-infrarot.com\/fr\/wp-json\/wp\/v2\/media?parent=69"}],"curies":[{"name":"wp","href":"https:\/\/api.w.org\/{rel}","templated":true}]}}